{"id":10287,"date":"2024-08-18T12:52:28","date_gmt":"2024-08-18T19:52:28","guid":{"rendered":"https:\/\/throughourlookingglass.ca\/?page_id=10287"},"modified":"2024-11-04T08:19:06","modified_gmt":"2024-11-04T16:19:06","slug":"camino-2024-friendship-service-and-a-walk-to-the-end-of-the-earth","status":"publish","type":"page","link":"https:\/\/throughourlookingglass.ca\/index.php\/camino-2024-friendship-service-and-a-walk-to-the-end-of-the-earth\/","title":{"rendered":"Camino 2024: Friendship, Service, and a Journey to the End of the World"},"content":{"rendered":"\n<p><em><strong>Click on the link to read about the day<\/strong><\/em><\/p>\n\n\n\n<p>August 23: The Prelude &#8211;  <a href=\"https:\/\/throughourlookingglass.ca\/index.php\/2024\/08\/22\/camino-2024-friendship-service-and-a-journey-to-the-end-of-the-world\/\">Planning a Unique Adventure<\/a><\/p>\n\n\n\n<p>August 24: First Step &#8211; <a href=\"https:\/\/throughourlookingglass.ca\/index.php\/2024\/08\/25\/getting-to-leon-spain\/\">Getting to Le\u00f3n, Spain<\/a><\/p>\n\n\n\n<p>August 25: <a href=\"https:\/\/throughourlookingglass.ca\/index.php\/2024\/08\/25\/day-one-in-leon\/\">Day 1 in Le\u00f3n<\/a><\/p>\n\n\n\n<p>August 26: <a href=\"https:\/\/throughourlookingglass.ca\/index.php\/2024\/08\/26\/day-2-in-leon\/\">Day 2 in Le\u00f3n<\/a><\/p>\n\n\n\n<p>A video\/slideshow: <a href=\"https:\/\/youtu.be\/D5tbaMfW_AE?si=Zxzy_hh_OG-FF9f5\">Madrid to Rabanal del Camino<\/a><\/p>\n\n\n\n<p><em><strong>Walking the Camino Frances from Leon to Rabanal del Camino<\/strong><\/em><\/p>\n\n\n\n<p>August 27: <a href=\"https:\/\/throughourlookingglass.ca\/index.php\/2024\/08\/27\/on-the-camino-day-1\/\">Day 1 on the Camino<\/a><\/p>\n\n\n\n<p>August 28: <a href=\"https:\/\/throughourlookingglass.ca\/index.php\/2024\/08\/28\/day-2-on-the-camino\/\">Day 2 on the Camino<\/a><\/p>\n\n\n\n<p>August 29: <a href=\"https:\/\/throughourlookingglass.ca\/index.php\/2024\/08\/29\/day-3-on-the-camino\/\">Day 3 on the Camino<\/a><\/p>\n\n\n\n<p>August 30: <a href=\"https:\/\/throughourlookingglass.ca\/index.php\/2024\/08\/30\/day-4-on-the-camino\/\">Day 4 on the Camino<\/a><\/p>\n\n\n\n<p><em><strong>Volunteering as Hospitalera at Rabanal del Camino<\/strong><\/em><br>(<a href=\"https:\/\/youtu.be\/GWsSnVEnYKI?si=vdamsIBVTIPsQ0td\">12-minute video\/slideshow<\/a>)<\/p>\n\n\n\n<p>August 31: <a href=\"https:\/\/throughourlookingglass.ca\/index.php\/2024\/08\/31\/day-1-in-rabanal-del-camino\/\">Day 1 in Rabanal del Camino<\/a><\/p>\n\n\n\n<p>September 1: <a href=\"https:\/\/throughourlookingglass.ca\/index.php\/2024\/09\/01\/day-2-in-rabanal-del-camino\/\">Day 2 in Rabanal del Camino<\/a><\/p>\n\n\n\n<p>September 2: <a href=\"https:\/\/throughourlookingglass.ca\/index.php\/2024\/09\/02\/day-3-in-rabanal-del-camino\/\">Day 3 in Rabanal del Camino<\/a><\/p>\n\n\n\n<p>September 3: <a href=\"https:\/\/throughourlookingglass.ca\/index.php\/2024\/09\/03\/day-4-in-rabanal-del-camino\/\">Day 4 in Rabanal del Camino<\/a><\/p>\n\n\n\n<p>September 4: <a href=\"https:\/\/throughourlookingglass.ca\/index.php\/2024\/09\/04\/day-5-in-rabanal-del-camino\/\">Day 5 in Rabanal del Camino<\/a><\/p>\n\n\n\n<p>September 5: <a href=\"https:\/\/throughourlookingglass.ca\/index.php\/2024\/09\/05\/day-6-in-rabanal-del-camino\/\">Day 6 in Rabanal del Camino<\/a><\/p>\n\n\n\n<p>September 6: <a href=\"https:\/\/throughourlookingglass.ca\/index.php\/2024\/09\/06\/day-7-in-rabanal-del-camino\/\">Day 7 in Rabanal del Camino<\/a><\/p>\n\n\n\n<p>September 7: <a href=\"https:\/\/throughourlookingglass.ca\/index.php\/2024\/09\/08\/day-8-in-rabanal-del-camino\/\">Day 8 in Rabanal del Camino<\/a><\/p>\n\n\n\n<p>September 8: <a href=\"https:\/\/throughourlookingglass.ca\/index.php\/2024\/09\/08\/day-9-in-rabanal-del-camino\/\">Day 9 in Rabanal del Camino<\/a><\/p>\n\n\n\n<p>September 9: <a href=\"https:\/\/throughourlookingglass.ca\/index.php\/2024\/09\/09\/day-10-at-rabanal-del-camino\/\">Day 10 in Rabanal del Camino<\/a><\/p>\n\n\n\n<p>September 10: <a href=\"https:\/\/throughourlookingglass.ca\/index.php\/2024\/09\/10\/day-11-at-rabanal-del-camino\/\">Day 11 in Rabanal del Camino<\/a><\/p>\n\n\n\n<p>September 11: <a href=\"https:\/\/throughourlookingglass.ca\/index.php\/2024\/09\/11\/day-12-at-rabanal-del-camino\/\">Day 12 in Rabanal del Camino<\/a><\/p>\n\n\n\n<p>September 12: <a href=\"https:\/\/throughourlookingglass.ca\/index.php\/2024\/09\/12\/day-13-at-rabanal-del-camino\/\">Day 13 in Rabanal del Camino<\/a><\/p>\n\n\n\n<p>September 13: <a href=\"https:\/\/throughourlookingglass.ca\/index.php\/2024\/09\/13\/day-14-in-rabanal-del-camino\/\" data-type=\"post\" data-id=\"10826\">Day 14 in Rabanal del Camino<\/a><\/p>\n\n\n\n<p>September 14: <a href=\"https:\/\/throughourlookingglass.ca\/index.php\/2024\/09\/14\/day-15-in-rabanal-del-camino\/\">Day 15 in Rabanal del Camino<\/a><\/p>\n\n\n\n<p>September 15: <a href=\"https:\/\/throughourlookingglass.ca\/index.php\/2024\/09\/15\/day-16-in-rabanal-del-camino\/\">Day 16 in Rabanal del Camino<\/a><\/p>\n\n\n\n<p>September 1-15: A <a href=\"https:\/\/youtu.be\/GWsSnVEnYKI?si=vdamsIBVTIPsQ0td\">12-minute Video\/Slideshow<\/a><\/p>\n\n\n\n<p><strong><em>Walking the Camino Frances from Rabanal del Camino to Ponferrada; to Porto by bus<\/em><\/strong>; <strong><em>Duoro River Cruise<\/em><\/strong><\/p>\n\n\n\n<p>September 16-18: <a href=\"https:\/\/throughourlookingglass.ca\/index.php\/2024\/09\/18\/rabanal-del-camino-to-porto\/\">Rabanal del Camino to Porto<\/a><\/p>\n\n\n\n<p>Video\/slideshow: <a href=\"https:\/\/youtu.be\/pJpDlF6qSWI?si=uQYx1jKBQ8AIrK8T\">Rabanal del Camino to Ponferrada<\/a><\/p>\n\n\n\n<p>September 19: <a href=\"https:\/\/throughourlookingglass.ca\/index.php\/2024\/09\/19\/duoro-river-cruise-porto-to-regua\/\">Duoro River Cruise<\/a><\/p>\n\n\n\n<p><strong><em>Walking<\/em><\/strong><em><strong> The Camino Portuguese<\/strong><\/em><\/p>\n\n\n\n<p>September 20: <a href=\"https:\/\/throughourlookingglass.ca\/index.php\/2024\/09\/20\/day-1-porto-to-vila-cha\/\">Day 1: Porto to Vila Ch\u00e3<\/a><\/p>\n\n\n\n<p>September 21: <a href=\"https:\/\/throughourlookingglass.ca\/index.php\/2024\/09\/21\/day-2-vila-cha-to-vila-do-conde\/\">Day 2: Vila Ch\u00e3 to Vila do Conde<\/a><\/p>\n\n\n\n<p>September 22: <a href=\"https:\/\/throughourlookingglass.ca\/index.php\/2024\/09\/22\/day-3-vila-do-conde-to-fao\/\">Day 3: Vila do Conde to Fao<\/a><\/p>\n\n\n\n<p>September 23: <a href=\"https:\/\/throughourlookingglass.ca\/index.php\/2024\/09\/23\/day-4-fao-to-chafe\/\">Day 4: F\u00e3o to Chaf\u00e9<\/a><\/p>\n\n\n\n<p>September 24: <a href=\"https:\/\/throughourlookingglass.ca\/index.php\/2024\/09\/24\/day-5-chafe-to-viana-do-castelo\/\">Day 5: Chaf\u00e9 to Viana do Castelo<\/a><\/p>\n\n\n\n<p>September 25: <a href=\"https:\/\/throughourlookingglass.ca\/index.php\/2024\/09\/25\/day-6-viana-do-castelo-to-vila-praia-de-ancora\/\">Day 6: Viana do Castelo to Vila Praia de \u00c2ncora<\/a><\/p>\n\n\n\n<p>September 26: <a href=\"https:\/\/throughourlookingglass.ca\/index.php\/2024\/09\/26\/day-7-vila-praia-de-ancora-to-tui\/\">Day 7: Via Praia de \u00c2ncora to Tui<\/a><\/p>\n\n\n\n<p>September 27: <a href=\"https:\/\/throughourlookingglass.ca\/index.php\/2024\/09\/27\/day-8-tui-to-o-porrino\/\">Day 8: Tui to O Porri\u00f1o<\/a><\/p>\n\n\n\n<p>September 28: <a href=\"https:\/\/throughourlookingglass.ca\/index.php\/2024\/09\/28\/day-9-o-porrino-to-cesantes\/\">Day 9: O Porri\u00f1o to Cesantes<\/a><\/p>\n\n\n\n<p>September 29: <a href=\"https:\/\/throughourlookingglass.ca\/index.php\/2024\/09\/29\/day-10-cesantes-to-pontevedra\/\">Day 10: Cesantes to Pontevedra<\/a><\/p>\n\n\n\n<p>September 30: <a href=\"https:\/\/throughourlookingglass.ca\/index.php\/2024\/09\/30\/day-11-pontevedra-to-combarro\/\">Day 11: Pontevedra to Combarro<\/a><\/p>\n\n\n\n<p>October 1: <a href=\"https:\/\/throughourlookingglass.ca\/index.php\/2024\/10\/01\/day-12-combarro-to-puente-arnelas\/\">Day 12: Combarro to Puente Arnelas<\/a><\/p>\n\n\n\n<p>October 2: <a href=\"https:\/\/throughourlookingglass.ca\/index.php\/2024\/10\/02\/day-13-puente-arnelas-to-vilanova-de-arousa\/\">Puente Arnelas to Vilanova de Arousa<\/a><\/p>\n\n\n\n<p>October 3: <a href=\"https:\/\/throughourlookingglass.ca\/index.php\/2024\/10\/03\/day-14-vilanova-de-arousa-to-padron\/\">Vilanova de Arousa to Padr\u00f3n<\/a><\/p>\n\n\n\n<p>October 4: <a href=\"https:\/\/throughourlookingglass.ca\/index.php\/2024\/10\/04\/day-15-padron-to-ventin\/\">Padr\u00f3n to Ventin<\/a><\/p>\n\n\n\n<p>October 5: <a href=\"https:\/\/throughourlookingglass.ca\/index.php\/2024\/10\/05\/day-16-ventin-to-santiago-de-compostela\/\">Ventin to Santiago de Compostela<\/a><\/p>\n\n\n\n<p>October 6-8: <a href=\"https:\/\/throughourlookingglass.ca\/index.php\/2024\/10\/08\/october-6-8-santiago-to-muxia\/\">Santiago to Muxia<\/a><\/p>\n\n\n\n<p>October 9-11: <a href=\"https:\/\/throughourlookingglass.ca\/index.php\/2024\/10\/11\/october-9-11-muxia-to-santiago\/\">Muxia to Santiago<\/a><\/p>\n","protected":false},"excerpt":{"rendered":"<p>Click on the link to read about the day August 23: The Prelude &#8211; Planning a Unique Adventure August 24: First Step &#8211; Getting to Le\u00f3n, Spain August 25: Day 1 in Le\u00f3n August 26: Day 2 in Le\u00f3n A video\/slideshow: Madrid to Rabanal del Camino Walking the Camino Frances from Leon to Rabanal del Camino August 27: Day 1 on the Camino August 28: Day 2 on the Camino August 29: Day 3 on the Camino August 30: Day&#8230;<\/p>\n<p class=\"read-more\"><a class=\"btn btn-default\" href=\"https:\/\/throughourlookingglass.ca\/index.php\/camino-2024-friendship-service-and-a-walk-to-the-end-of-the-earth\/\"> Read More<span class=\"screen-reader-text\">  Read More<\/span><\/a><\/p>\n","protected":false},"author":1,"featured_media":10267,"parent":0,"menu_order":0,"comment_status":"closed","ping_status":"closed","template":"","meta":{"footnotes":""},"class_list":["post-10287","page","type-page","status-publish","has-post-thumbnail","hentry"],"post_mailing_queue_ids":[],"_links":{"self":[{"href":"https:\/\/throughourlookingglass.ca\/index.php\/wp-json\/wp\/v2\/pages\/10287","targetHints":{"allow":["GET"]}}],"collection":[{"href":"https:\/\/throughourlookingglass.ca\/index.php\/wp-json\/wp\/v2\/pages"}],"about":[{"href":"https:\/\/throughourlookingglass.ca\/index.php\/wp-json\/wp\/v2\/types\/page"}],"author":[{"embeddable":true,"href":"https:\/\/throughourlookingglass.ca\/index.php\/wp-json\/wp\/v2\/users\/1"}],"replies":[{"embeddable":true,"href":"https:\/\/throughourlookingglass.ca\/index.php\/wp-json\/wp\/v2\/comments?post=10287"}],"version-history":[{"count":95,"href":"https:\/\/throughourlookingglass.ca\/index.php\/wp-json\/wp\/v2\/pages\/10287\/revisions"}],"predecessor-version":[{"id":11543,"href":"https:\/\/throughourlookingglass.ca\/index.php\/wp-json\/wp\/v2\/pages\/10287\/revisions\/11543"}],"wp:featuredmedia":[{"embeddable":true,"href":"https:\/\/throughourlookingglass.ca\/index.php\/wp-json\/wp\/v2\/media\/10267"}],"wp:attachment":[{"href":"https:\/\/throughourlookingglass.ca\/index.php\/wp-json\/wp\/v2\/media?parent=10287"}],"curies":[{"name":"wp","href":"https:\/\/api.w.org\/{rel}","templated":true}]}}